{"id":491,"date":"2023-09-30T12:47:10","date_gmt":"2023-09-30T10:47:10","guid":{"rendered":"https:\/\/datasonifyer.de\/?page_id=491"},"modified":"2023-10-06T12:02:58","modified_gmt":"2023-10-06T10:02:58","slug":"contact","status":"publish","type":"page","link":"https:\/\/datasonifyer.de\/en\/contact\/","title":{"rendered":"Contact"},"content":{"rendered":"<div class=\"wp-block-group is-layout-constrained wp-container-core-group-is-layout-c2e5fd13 wp-block-group-is-layout-constrained\" style=\"padding-right:var(--wp--preset--spacing--40);padding-left:var(--wp--preset--spacing--40)\">\n<div style=\"height:100px\" aria-hidden=\"true\" class=\"wp-block-spacer\"><\/div>\n\n\n\n<figure class=\"wp-block-image aligncenter size-large is-resized\"><img loading=\"lazy\" decoding=\"async\" src=\"https:\/\/datasonifyer.de\/wp-content\/uploads\/2023\/08\/logo-ds-3-edited-1024x193.png\" alt=\"\" class=\"wp-image-116\" style=\"object-fit:contain;width:387px;height:73px\" width=\"387\" height=\"73\" srcset=\"https:\/\/datasonifyer.de\/wp-content\/uploads\/2023\/08\/logo-ds-3-edited-1024x193.png 1024w, https:\/\/datasonifyer.de\/wp-content\/uploads\/2023\/08\/logo-ds-3-edited-300x57.png 300w, https:\/\/datasonifyer.de\/wp-content\/uploads\/2023\/08\/logo-ds-3-edited-768x145.png 768w, https:\/\/datasonifyer.de\/wp-content\/uploads\/2023\/08\/logo-ds-3-edited-1536x290.png 1536w, https:\/\/datasonifyer.de\/wp-content\/uploads\/2023\/08\/logo-ds-3-edited-2048x386.png 2048w, https:\/\/datasonifyer.de\/wp-content\/uploads\/2023\/08\/logo-ds-3-edited-18x3.png 18w\" sizes=\"auto, (max-width: 387px) 100vw, 387px\" \/><\/figure>\n\n\n\n<p><\/p>\n\n\n\n<div style=\"height:20px\" aria-hidden=\"true\" class=\"wp-block-spacer\"><\/div>\n\n\n\n<p><strong>Wenn du eigene Sonifikationen teilen oder einen Blogbeitrag f\u00fcr diese Seite schreiben m\u00f6chtest oder Fragen zum Tool hast, freue ich mich \u00fcber eine Mail an info[at]datasonifyer[punkt]de. Du findest mich und das Projekt &#8222;SoniFriday&#8220; auch auf <a href=\"https:\/\/www.twitter.com\/christianbasl\" data-type=\"link\" data-id=\"https:\/\/www.twitter.com\/christianbasl\">Twitter\/X<\/a> and <a href=\"https:\/\/www.instagram.com\/sonifriday\" data-type=\"link\" data-id=\"https:\/\/www.instagram.com\/sonifriday\">Instagram<\/a>. Viel Spa\u00df beim Sonifizieren! \ud83d\ude42<\/strong><\/p>\n\n\n\n<div style=\"height:100px\" aria-hidden=\"true\" class=\"wp-block-spacer\"><\/div>\n<\/div>","protected":false},"excerpt":{"rendered":"<p>Wenn du eigene Sonifikationen teilen oder einen Blogbeitrag f\u00fcr diese Seite schreiben m\u00f6chtest oder Fragen zum Tool hast, freue ich mich \u00fcber eine Mail an info[at]datasonifyer[punkt]de. Du findest mich und das Projekt &#8222;SoniFriday&#8220; auch auf Twitter\/X und Instagram. Viel Spa\u00df beim Sonifizieren! \ud83d\ude42<\/p>","protected":false},"author":1,"featured_media":0,"parent":0,"menu_order":0,"comment_status":"closed","ping_status":"closed","template":"","meta":{"footnotes":""},"class_list":["post-491","page","type-page","status-publish","hentry"],"_links":{"self":[{"href":"https:\/\/datasonifyer.de\/en\/wp-json\/wp\/v2\/pages\/491","targetHints":{"allow":["GET"]}}],"collection":[{"href":"https:\/\/datasonifyer.de\/en\/wp-json\/wp\/v2\/pages"}],"about":[{"href":"https:\/\/datasonifyer.de\/en\/wp-json\/wp\/v2\/types\/page"}],"author":[{"embeddable":true,"href":"https:\/\/datasonifyer.de\/en\/wp-json\/wp\/v2\/users\/1"}],"replies":[{"embeddable":true,"href":"https:\/\/datasonifyer.de\/en\/wp-json\/wp\/v2\/comments?post=491"}],"version-history":[{"count":10,"href":"https:\/\/datasonifyer.de\/en\/wp-json\/wp\/v2\/pages\/491\/revisions"}],"predecessor-version":[{"id":521,"href":"https:\/\/datasonifyer.de\/en\/wp-json\/wp\/v2\/pages\/491\/revisions\/521"}],"wp:attachment":[{"href":"https:\/\/datasonifyer.de\/en\/wp-json\/wp\/v2\/media?parent=491"}],"curies":[{"name":"wp","href":"https:\/\/api.w.org\/{rel}","templated":true}]}}