{"id":384,"date":"2023-09-13T17:31:29","date_gmt":"2023-09-13T15:31:29","guid":{"rendered":"https:\/\/datasonifyer.de\/?page_id=384"},"modified":"2023-09-30T12:37:35","modified_gmt":"2023-09-30T10:37:35","slug":"discover","status":"publish","type":"page","link":"https:\/\/datasonifyer.de\/en\/discover\/","title":{"rendered":"Discover"},"content":{"rendered":"<div class=\"wp-block-group is-layout-constrained wp-container-core-group-is-layout-26ef33e9 wp-block-group-is-layout-constrained\" style=\"margin-top:var(--wp--preset--spacing--80);margin-bottom:var(--wp--preset--spacing--80);padding-top:0;padding-right:var(--wp--preset--spacing--50);padding-bottom:0;padding-left:var(--wp--preset--spacing--50)\">\n<div style=\"height:10px\" aria-hidden=\"true\" class=\"wp-block-spacer\"><\/div>\n\n\n\n<p>Informationen und Daten \u00fcber Sound zu kommunizieren ist keine neue Erfindung. Glocken etwa werden von Kirchen seit Jahrhunderten dazu verwendet, um die Zeit anzusagen: Die Anzahl der tieferen Glockenschl\u00e4ge sagt die Stundenzahl an, die Anzahl h\u00f6herer Glockenschl\u00e4ge jede Viertelstunde. Das ist im Kern eine Datensonifikation von der Uhrzeit. Auch in anderen allt\u00e4glichen Situationen begegnen uns Sonifikationen: Etwa, wenn wir mit einem Auto r\u00fcckw\u00e4rts einparken wollen und der Abstand zum Hindernis mit Piep-Ger\u00e4uschen angezeigt wird. <\/p>\n\n\n\n<div style=\"height:10px\" aria-hidden=\"true\" class=\"wp-block-spacer\"><\/div>\n\n\n\n<p>Im wissenschaftlichen Kontext wird Sonifikation seit einigen Jahrzehnten zur Analyse und Darstellung von verschiedenen Daten verwendet. Etwa an der Universit\u00e4t Bielefeld um <a rel=\"noreferrer noopener\" href=\"https:\/\/blogs.uni-bielefeld.de\/blog\/uniaktuell\/entry\/durch_daten_sound_mehr_schub\" data-type=\"link\" data-id=\"https:\/\/blogs.uni-bielefeld.de\/blog\/uniaktuell\/entry\/durch_daten_sound_mehr_schub\" target=\"_blank\">Str\u00f6mungsdaten von Schwimmer:innen<\/a> in Sound zu verwandeln und damit deren Schwimmtechnik zu verbessern. 2011 erschien das <a rel=\"noreferrer noopener\" href=\"https:\/\/sonification.de\/handbook\/\" data-type=\"link\" data-id=\"https:\/\/sonification.de\/handbook\/\" target=\"_blank\">Sonification Handbook<\/a>, &#8222;a comprehensive introductory presentation of the key research areas in the interdisciplinary fields of sonification and auditory display&#8220;. Dort wurden zum ersten Mal Erkenntnisse zu Sonifikation zusammengefasst. Am bekanntesten geworden ist vermutlich in den letzten Jahren die <a rel=\"noreferrer noopener\" href=\"https:\/\/www.youtube.com\/watch?v=ioR5np1fmEc\" data-type=\"link\" data-id=\"https:\/\/www.youtube.com\/watch?v=ioR5np1fmEc\" target=\"_blank\">NASA-Sonifikation eines schwarzen Lochs<\/a>. <\/p>\n\n\n\n<div style=\"height:10px\" aria-hidden=\"true\" class=\"wp-block-spacer\"><\/div>\n\n\n\n<p>In den letzten Jahren hat das Thema erneut Aufschwung bekommen. 2020 gr\u00fcndeten die beiden Sonification- und Design-Expert:innen Sara Lenzi und  Paolo Ciuccarelli das <a href=\"https:\/\/blogs.uni-bielefeld.de\/blog\/uniaktuell\/entry\/durch_daten_sound_mehr_schub\" data-type=\"link\" data-id=\"https:\/\/blogs.uni-bielefeld.de\/blog\/uniaktuell\/entry\/durch_daten_sound_mehr_schub\">Data Sonification Archive<\/a>. Dort finden sich Sonifikationen, die teilweise bis in die 1980er zur\u00fcckreichen. Am h\u00e4ufigsten finden sich dort Sonifikationen aus den &#8222;Earth Sciences&#8220; und aus der &#8222;Astronomy&#8220;, wie die eine Auswertung von Lenzi und Ciuccarelli zeigt: <\/p>\n\n\n\n<div style=\"height:10px\" aria-hidden=\"true\" class=\"wp-block-spacer\"><\/div>\n\n\n\n<figure class=\"wp-block-image size-large is-resized\"><img loading=\"lazy\" decoding=\"async\" src=\"https:\/\/sonification.design\/assets\/metadata\/sankey-04.svg\" alt=\"\" style=\"width:838px;height:745px\" width=\"838\" height=\"745\"\/><\/figure>\n\n\n\n<div style=\"height:10px\" aria-hidden=\"true\" class=\"wp-block-spacer\"><\/div>\n\n\n\n<p>Au\u00dferdem erschien 2021 der erste Data-Sonification-Podcast &#8222;<a rel=\"noreferrer noopener\" href=\"https:\/\/www.loudnumbers.net\/\" data-type=\"link\" data-id=\"https:\/\/www.loudnumbers.net\/\" target=\"_blank\">Loud Numbers<\/a>&#8220; von Informationsdesigner Duncan Geere und der Datenjournalistin Miriam Quick. Aus diesen neuen Projekten entstand 2022 &#8222;<a rel=\"noreferrer noopener\" href=\"https:\/\/decibels.community\/\" data-type=\"link\" data-id=\"https:\/\/decibels.community\/\" target=\"_blank\">Decibels<\/a>&#8222;, eine Data-Sonification-Community: sie richtet sich an alle, die an Sonifikation interessiert sind und mehr dar\u00fcber erfahren m\u00f6chten. Ebenfalls 2022 entstand das Projekt &#8222;<a href=\"https:\/\/instagram.com\/sonifriday\">SoniFriday<\/a>&#8220; von den beiden Datenjournalist:innen Berit Kruse und Christian Basl.  <\/p>\n\n\n\n<div style=\"height:10px\" aria-hidden=\"true\" class=\"wp-block-spacer\"><\/div>\n\n\n\n<p>Der 2023 ver\u00f6ffentlichte DataSonifyer bietet einen ersten Einstieg in die weite Welt der Daten-Sonifikation: Damit sind erste einfache, aber auch komplexere Sonifikationen von Datens\u00e4tzen m\u00f6glich. Dar\u00fcber hinaus gibt es weitere Tools, mit denen Daten-Sonifikationen (z.B. mit eigenen Soundaufnahmen) erzeugt werden k\u00f6nnen: <\/p>\n\n\n\n<div style=\"height:10px\" aria-hidden=\"true\" class=\"wp-block-spacer\"><\/div>\n\n\n\n<ul class=\"wp-block-list\">\n<li><a href=\"https:\/\/sonic-pi.net\/\" data-type=\"link\" data-id=\"https:\/\/sonic-pi.net\/\" target=\"_blank\" rel=\"noreferrer noopener\">Sonic Pi<\/a><\/li>\n\n\n\n<li><a href=\"https:\/\/supercollider.github.io\/\" data-type=\"link\" data-id=\"https:\/\/supercollider.github.io\/\" target=\"_blank\" rel=\"noreferrer noopener\">SuperCollider <\/a><\/li>\n\n\n\n<li><a href=\"https:\/\/p5js.org\/reference\/#\/libraries\/p5.sound\" data-type=\"link\" data-id=\"https:\/\/p5js.org\/reference\/#\/libraries\/p5.sound\">p5.sou<\/a><a rel=\"noreferrer noopener\" href=\"https:\/\/p5js.org\/reference\/#\/libraries\/p5.sound\" data-type=\"link\" data-id=\"https:\/\/p5js.org\/reference\/#\/libraries\/p5.sound\" target=\"_blank\">nd<\/a> oder <a rel=\"noreferrer noopener\" href=\"https:\/\/tonejs.github.io\/\" data-type=\"link\" data-id=\"https:\/\/tonejs.github.io\/\" target=\"_blank\">Tone.js<\/a> (damit wurden die Soundfunktionen des DataSonifyers geschrieben)<\/li>\n\n\n\n<li><a href=\"https:\/\/library.vcvrack.com\/LoudNumbers\/LoudNumbers\" data-type=\"link\" data-id=\"https:\/\/library.vcvrack.com\/LoudNumbers\/LoudNumbers\" target=\"_blank\" rel=\"noreferrer noopener\">VCV Rack von Loud Numbers<\/a><\/li>\n\n\n\n<li><a href=\"https:\/\/twotone.io\/\" data-type=\"link\" data-id=\"https:\/\/twotone.io\/\" target=\"_blank\" rel=\"noreferrer noopener\">TwoTone<\/a><\/li>\n<\/ul>\n\n\n\n<div style=\"height:10px\" aria-hidden=\"true\" class=\"wp-block-spacer\"><\/div>\n\n\n\n<p>Einige davon erfordern aber einfache oder fortgeschrittene Programmierkenntnisse, oder Erfahrungen mit modularen Synthesizern. Andere, wie etwa TwoTone, sind einfach zu bedienen, aber bieten nur wenige M\u00f6glichkeiten, Sonifikationen umzusetzen oder den Sound zu ver\u00e4ndern. Der DataSonifyer sucht das beste aus beiden Welten: Viele Sonifikations-M\u00f6glichkeiten schaffen und in der Bedienung so simpel wie m\u00f6glich zu bleiben. Aber egal, welches Tool man f\u00fcr die Sonifikation verwendet: Man schafft einen Mehrwert f\u00fcr alle, die man mit Audio-Produkten erreichen m\u00f6chte. <\/p>\n<\/div>","protected":false},"excerpt":{"rendered":"<p>Informationen und Daten \u00fcber Sound zu kommunizieren ist keine neue Erfindung. Glocken etwa werden von Kirchen seit Jahrhunderten dazu verwendet, um die Zeit anzusagen: Die Anzahl der tieferen Glockenschl\u00e4ge sagt die Stundenzahl an, die Anzahl h\u00f6herer Glockenschl\u00e4ge jede Viertelstunde. Das ist im Kern eine Datensonifikation von der Uhrzeit. Auch in anderen allt\u00e4glichen Situationen begegnen uns [&hellip;]<\/p>","protected":false},"author":2,"featured_media":0,"parent":0,"menu_order":0,"comment_status":"closed","ping_status":"closed","template":"","meta":{"footnotes":""},"class_list":["post-384","page","type-page","status-publish","hentry"],"_links":{"self":[{"href":"https:\/\/datasonifyer.de\/en\/wp-json\/wp\/v2\/pages\/384","targetHints":{"allow":["GET"]}}],"collection":[{"href":"https:\/\/datasonifyer.de\/en\/wp-json\/wp\/v2\/pages"}],"about":[{"href":"https:\/\/datasonifyer.de\/en\/wp-json\/wp\/v2\/types\/page"}],"author":[{"embeddable":true,"href":"https:\/\/datasonifyer.de\/en\/wp-json\/wp\/v2\/users\/2"}],"replies":[{"embeddable":true,"href":"https:\/\/datasonifyer.de\/en\/wp-json\/wp\/v2\/comments?post=384"}],"version-history":[{"count":6,"href":"https:\/\/datasonifyer.de\/en\/wp-json\/wp\/v2\/pages\/384\/revisions"}],"predecessor-version":[{"id":489,"href":"https:\/\/datasonifyer.de\/en\/wp-json\/wp\/v2\/pages\/384\/revisions\/489"}],"wp:attachment":[{"href":"https:\/\/datasonifyer.de\/en\/wp-json\/wp\/v2\/media?parent=384"}],"curies":[{"name":"wp","href":"https:\/\/api.w.org\/{rel}","templated":true}]}}