{"id":357,"date":"2023-09-13T12:23:55","date_gmt":"2023-09-13T10:23:55","guid":{"rendered":"https:\/\/datasonifyer.de\/?page_id=357"},"modified":"2023-09-30T12:36:57","modified_gmt":"2023-09-30T10:36:57","slug":"about","status":"publish","type":"page","link":"https:\/\/datasonifyer.de\/en\/about\/","title":{"rendered":"About"},"content":{"rendered":"<div class=\"wp-block-group is-layout-constrained wp-container-core-group-is-layout-380d87ee wp-block-group-is-layout-constrained\" style=\"padding-top:var(--wp--preset--spacing--80);padding-right:var(--wp--preset--spacing--50);padding-bottom:var(--wp--preset--spacing--80);padding-left:var(--wp--preset--spacing--50)\">\n<figure class=\"wp-block-image size-large is-resized\"><img loading=\"lazy\" decoding=\"async\" src=\"https:\/\/datasonifyer.de\/wp-content\/uploads\/2023\/08\/logo-ds-3-edited-1024x193.png\" alt=\"\" class=\"wp-image-116\" style=\"object-fit:contain;width:600px;height:113px\" width=\"600\" height=\"113\" srcset=\"https:\/\/datasonifyer.de\/wp-content\/uploads\/2023\/08\/logo-ds-3-edited-1024x193.png 1024w, https:\/\/datasonifyer.de\/wp-content\/uploads\/2023\/08\/logo-ds-3-edited-300x57.png 300w, https:\/\/datasonifyer.de\/wp-content\/uploads\/2023\/08\/logo-ds-3-edited-768x145.png 768w, https:\/\/datasonifyer.de\/wp-content\/uploads\/2023\/08\/logo-ds-3-edited-1536x290.png 1536w, https:\/\/datasonifyer.de\/wp-content\/uploads\/2023\/08\/logo-ds-3-edited-2048x386.png 2048w, https:\/\/datasonifyer.de\/wp-content\/uploads\/2023\/08\/logo-ds-3-edited-18x3.png 18w\" sizes=\"auto, (max-width: 600px) 100vw, 600px\" \/><\/figure>\n\n\n\n<div style=\"height:30px\" aria-hidden=\"true\" class=\"wp-block-spacer\"><\/div>\n\n\n\n<p><strong>DataSonifyer<\/strong> ist ein Tool, um einfach und ohne Coding-Skills Daten-Sonifikationen f\u00fcr Audio-Produkte zu erstellen, exportieren und aufzunehmen &#8211; und das kostenlos und ohne Anmeldung. Sonifikation ist die Darstellung von Zahlen oder numerischen Datens\u00e4tzen als Klang &#8211; sozusagen eine Grafik zum H\u00f6ren, f\u00fcr alle m\u00f6glichen Daten: Temperaturwerte, Coronaf\u00e4lle, Fu\u00dfballdaten, Wetterdaten, Meinungsumfragen, Aktiendaten&#8230; <\/p>\n\n\n\n<div style=\"height:10px\" aria-hidden=\"true\" class=\"wp-block-spacer\"><\/div>\n\n\n\n<p><\/p>\n\n\n\n<p>All diesen Daten kann <strong>DataSonifyer<\/strong> in Sound verwandeln: Das Tool formuliert die Daten so um, dass sie musikalisch lesbar werden und abgespielt werden k\u00f6nnen, zum Beispiel als Tonh\u00f6he, als Notenwert, als Lautst\u00e4rke, als Tempo oder als Tonl\u00e4nge. Der Datensatz wird sozusagen in ein Notenblatt verwandelt. So kann man seinen Datens\u00e4tzen zuh\u00f6ren.<\/p>\n\n\n\n<p><\/p>\n\n\n\n<div style=\"height:10px\" aria-hidden=\"true\" class=\"wp-block-spacer\"><\/div>\n\n\n\n<p><strong>DataSonifyer<\/strong> erlaubt es, deine Daten als Tonh\u00f6he (\u201eFrequency\u201c), als Lautst\u00e4rke (\u201eAmplitude\u201c), als Tonl\u00e4nge bzw. Tonform (\u201eEnvelope\u201c), als Rhythmus (\u201eRhythm\u201c), als \u201eFilter\u201c oder als \u201eEffect\u201c darzustellen. F\u00fcr jeden dieser musikalischen Werte h\u00e4lt DataSonifyer ein eigenes Modul bereit.<\/p>\n\n\n\n<div style=\"height:10px\" aria-hidden=\"true\" class=\"wp-block-spacer\"><\/div>\n\n\n\n<p><\/p>\n\n\n\n<p>Das Projekt wurde 2023 von Christian Basl mit einer Unterst\u00fctzung des <a rel=\"noreferrer noopener\" href=\"https:\/\/innovationsfonds.wpk.org\/datasonifyer\/\" data-type=\"link\" data-id=\"https:\/\/innovationsfonds.wpk.org\/datasonifyer\/\" target=\"_blank\">Innovationsfonds der Wissenschaftspressekonferenz<\/a> konzipiert, programmiert und ver\u00f6ffentlicht. Feedback und Fragen zum Tool bitte an i<strong>nfo[at]datasonifyer[punkt]de<\/strong>! <\/p>\n\n\n\n<div style=\"height:50px\" aria-hidden=\"true\" class=\"wp-block-spacer\"><\/div>\n\n\n\n<div class=\"wp-block-columns is-not-stacked-on-mobile is-layout-flex wp-container-core-columns-is-layout-28f84493 wp-block-columns-is-layout-flex\">\n<div class=\"wp-block-column is-layout-flow wp-block-column-is-layout-flow\" style=\"flex-basis:20%\">\n<figure class=\"wp-block-image size-full is-resized wp-duotone-rgb11248160-rgb221250214-1\"><img loading=\"lazy\" decoding=\"async\" src=\"https:\/\/datasonifyer.de\/wp-content\/uploads\/2023\/09\/Foto-Christian-Basl-600x750-1-edited.jpg\" alt=\"\" class=\"wp-image-393\" style=\"object-fit:contain;width:120px;height:120px\" width=\"120\" height=\"120\" srcset=\"https:\/\/datasonifyer.de\/wp-content\/uploads\/2023\/09\/Foto-Christian-Basl-600x750-1-edited.jpg 462w, https:\/\/datasonifyer.de\/wp-content\/uploads\/2023\/09\/Foto-Christian-Basl-600x750-1-edited-300x300.jpg 300w, https:\/\/datasonifyer.de\/wp-content\/uploads\/2023\/09\/Foto-Christian-Basl-600x750-1-edited-150x150.jpg 150w, https:\/\/datasonifyer.de\/wp-content\/uploads\/2023\/09\/Foto-Christian-Basl-600x750-1-edited-12x12.jpg 12w\" sizes=\"auto, (max-width: 120px) 100vw, 120px\" \/><\/figure>\n<\/div>\n\n\n\n<div class=\"wp-block-column is-layout-flow wp-block-column-is-layout-flow\" style=\"padding-right:var(--wp--preset--spacing--40);padding-left:var(--wp--preset--spacing--40);flex-basis:80%\">\n<p style=\"font-size:0.7rem\"><a href=\"https:\/\/www.linkedin.com\/in\/christian-basl-41749713a\/\" data-type=\"link\" data-id=\"twitter.com\/christianbasl\" target=\"_blank\" rel=\"noreferrer noopener\">Christian Basl<\/a> arbeitet als Redakteur und Datenjournalist beim Westdeutschen Rundfunk in K\u00f6ln. Dort besch\u00e4ftigt er sich unter anderem mit digitaler Strategie sowie datengetriebenen Ans\u00e4tzen journalistischer Recherchen. Daneben besch\u00e4ftigt er sich mit der M\u00f6glichkeit, Daten in Sound zu verwandeln und so neue auditive Zug\u00e4nge zu Daten zu erschlie\u00dfen, u.a. auch mit dem Projekt \u201eSoniFriday\u201c auf Instagram und Twitter (<a rel=\"noreferrer noopener\" href=\"https:\/\/www.instagram.com\/sonifriday\" data-type=\"link\" data-id=\"https:\/\/www.instagram.com\/sonifriday\" target=\"_blank\">@sonifriday<\/a>). F\u00fcr seine journalistische Arbeit wurde er unter anderem mit dem Otto-Brenner-Preis ausgezeichnet.<\/p>\n<\/div>\n<\/div>\n<\/div>\n\n\n\n<div class=\"wp-block-group is-layout-constrained wp-block-group-is-layout-constrained\" style=\"padding-top:0;padding-bottom:var(--wp--preset--spacing--70)\">\n<p class=\"has-text-align-center\">\ud83e\udd0d Sonifications to the people \ud83e\udd0d<\/p>\n<\/div>","protected":false},"excerpt":{"rendered":"<p>DataSonifyer ist ein Tool, um einfach und ohne Coding-Skills Daten-Sonifikationen f\u00fcr Audio-Produkte zu erstellen, exportieren und aufzunehmen &#8211; und das kostenlos und ohne Anmeldung. Sonifikation ist die Darstellung von Zahlen oder numerischen Datens\u00e4tzen als Klang &#8211; sozusagen eine Grafik zum H\u00f6ren, f\u00fcr alle m\u00f6glichen Daten: Temperaturwerte, Coronaf\u00e4lle, Fu\u00dfballdaten, Wetterdaten, Meinungsumfragen, Aktiendaten&#8230; All diesen Daten kann [&hellip;]<\/p>","protected":false},"author":2,"featured_media":0,"parent":0,"menu_order":0,"comment_status":"closed","ping_status":"closed","template":"","meta":{"footnotes":""},"class_list":["post-357","page","type-page","status-publish","hentry"],"_links":{"self":[{"href":"https:\/\/datasonifyer.de\/en\/wp-json\/wp\/v2\/pages\/357","targetHints":{"allow":["GET"]}}],"collection":[{"href":"https:\/\/datasonifyer.de\/en\/wp-json\/wp\/v2\/pages"}],"about":[{"href":"https:\/\/datasonifyer.de\/en\/wp-json\/wp\/v2\/types\/page"}],"author":[{"embeddable":true,"href":"https:\/\/datasonifyer.de\/en\/wp-json\/wp\/v2\/users\/2"}],"replies":[{"embeddable":true,"href":"https:\/\/datasonifyer.de\/en\/wp-json\/wp\/v2\/comments?post=357"}],"version-history":[{"count":10,"href":"https:\/\/datasonifyer.de\/en\/wp-json\/wp\/v2\/pages\/357\/revisions"}],"predecessor-version":[{"id":487,"href":"https:\/\/datasonifyer.de\/en\/wp-json\/wp\/v2\/pages\/357\/revisions\/487"}],"wp:attachment":[{"href":"https:\/\/datasonifyer.de\/en\/wp-json\/wp\/v2\/media?parent=357"}],"curies":[{"name":"wp","href":"https:\/\/api.w.org\/{rel}","templated":true}]}}