{"id":332,"date":"2023-09-12T16:13:49","date_gmt":"2023-09-12T14:13:49","guid":{"rendered":"https:\/\/datasonifyer.de\/?page_id=332"},"modified":"2023-09-30T12:38:44","modified_gmt":"2023-09-30T10:38:44","slug":"beispiele","status":"publish","type":"page","link":"https:\/\/datasonifyer.de\/en\/beispiele\/","title":{"rendered":"examples"},"content":{"rendered":"<div class=\"wp-block-group is-layout-constrained wp-container-core-group-is-layout-61b9808f wp-block-group-is-layout-constrained\" style=\"padding-top:var(--wp--preset--spacing--80);padding-right:var(--wp--preset--spacing--40);padding-bottom:var(--wp--preset--spacing--80);padding-left:var(--wp--preset--spacing--40)\">\n<div class=\"wp-block-query is-layout-flow wp-block-query-is-layout-flow\"><ul class=\"columns-2 wp-block-post-template is-layout-grid wp-container-core-post-template-is-layout-24e91f5c wp-block-post-template-is-layout-grid\"><li class=\"wp-block-post post-224 post type-post status-publish format-standard hentry category-examples\">\n\n<div class=\"wp-block-group has-border-color has-theme-3-border-color has-theme-2-background-color has-background is-layout-flow wp-container-core-group-is-layout-eeecaa4b wp-block-group-is-layout-flow\" style=\"border-width:3px;margin-top:0;margin-bottom:0;padding-top:30px;padding-right:30px;padding-bottom:30px;padding-left:30px\"><h2 class=\"wp-block-post-title\"><a href=\"https:\/\/datasonifyer.de\/en\/2023\/09\/07\/der-beat-der-champions\/\" target=\"_self\" >The beat of the champions<\/a><\/h2>\n\n\n<div style=\"height:10px\" aria-hidden=\"true\" class=\"wp-block-spacer\"><\/div>\n\n\n<div class=\"wp-block-post-excerpt\"><p class=\"wp-block-post-excerpt__excerpt\">In 2023, the Spanish women's national team won the World Cup. DataSonifyer can be used to follow the Spanish women's triumph and all the other matches: Where did most of the balls go in? What happened in the final? <\/p><\/div>\n\n\n<div style=\"height:10px\" aria-hidden=\"true\" class=\"wp-block-spacer\"><\/div>\n\n\n<a class=\"wp-block-read-more\" href=\"https:\/\/datasonifyer.de\/en\/2023\/09\/07\/der-beat-der-champions\/\" target=\"_self\">Read more<span class=\"screen-reader-text\">: Der Beat der Champions<\/span><\/a>\n\n\n<hr class=\"wp-block-separator has-alpha-channel-opacity\" style=\"margin-top:var(--wp--preset--spacing--60)\"\/>\n<\/div>\n\n<\/li><li class=\"wp-block-post post-373 post type-post status-publish format-standard hentry category-examples\">\n\n<div class=\"wp-block-group has-border-color has-theme-3-border-color has-theme-2-background-color has-background is-layout-flow wp-container-core-group-is-layout-eeecaa4b wp-block-group-is-layout-flow\" style=\"border-width:3px;margin-top:0;margin-bottom:0;padding-top:30px;padding-right:30px;padding-bottom:30px;padding-left:30px\"><h2 class=\"wp-block-post-title\"><a href=\"https:\/\/datasonifyer.de\/en\/2023\/09\/13\/der-klang-ansteigender-wellen\/\" target=\"_self\" >The sound of rising waves<\/a><\/h2>\n\n\n<div style=\"height:10px\" aria-hidden=\"true\" class=\"wp-block-spacer\"><\/div>\n\n\n<div class=\"wp-block-post-excerpt\"><p class=\"wp-block-post-excerpt__excerpt\">Since 1993, global sea levels have been rising by an average of 3 millimetres per year. Sonification makes the wave-like rise audible. <\/p><\/div>\n\n\n<div style=\"height:10px\" aria-hidden=\"true\" class=\"wp-block-spacer\"><\/div>\n\n\n<a class=\"wp-block-read-more\" href=\"https:\/\/datasonifyer.de\/en\/2023\/09\/13\/der-klang-ansteigender-wellen\/\" target=\"_self\">Read more<span class=\"screen-reader-text\">: Der Klang ansteigender Wellen<\/span><\/a>\n\n\n<hr class=\"wp-block-separator has-alpha-channel-opacity\" style=\"margin-top:var(--wp--preset--spacing--60)\"\/>\n<\/div>\n\n<\/li><li class=\"wp-block-post post-308 post type-post status-publish format-standard hentry category-examples\">\n\n<div class=\"wp-block-group has-border-color has-theme-3-border-color has-theme-2-background-color has-background is-layout-flow wp-container-core-group-is-layout-eeecaa4b wp-block-group-is-layout-flow\" style=\"border-width:3px;margin-top:0;margin-bottom:0;padding-top:30px;padding-right:30px;padding-bottom:30px;padding-left:30px\"><h2 class=\"wp-block-post-title\"><a href=\"https:\/\/datasonifyer.de\/en\/2023\/09\/12\/der-beat-der-pandemie\/\" target=\"_self\" >The rhythm of the pandemic<\/a><\/h2>\n\n\n<div style=\"height:10px\" aria-hidden=\"true\" class=\"wp-block-spacer\"><\/div>\n\n\n<div class=\"wp-block-post-excerpt\"><p class=\"wp-block-post-excerpt__excerpt\">Sp\u00e4testens seit der COVID-19-Pandemie sind wir mit den verheerenden Auswirkungen von exponentiellem Wachstum vertraut. Sonifikation kann dabei helfen, exponentielle Dynamiken greifbarer zu machen. <\/p><\/div>\n\n\n<div style=\"height:10px\" aria-hidden=\"true\" class=\"wp-block-spacer\"><\/div>\n\n\n<a class=\"wp-block-read-more\" href=\"https:\/\/datasonifyer.de\/en\/2023\/09\/12\/der-beat-der-pandemie\/\" target=\"_self\">Read more<span class=\"screen-reader-text\">: Der Takt der Pandemie<\/span><\/a>\n\n\n<hr class=\"wp-block-separator has-alpha-channel-opacity\" style=\"margin-top:var(--wp--preset--spacing--60)\"\/>\n<\/div>\n\n<\/li><li class=\"wp-block-post post-146 post type-post status-publish format-standard hentry category-examples\">\n\n<div class=\"wp-block-group has-border-color has-theme-3-border-color has-theme-2-background-color has-background is-layout-flow wp-container-core-group-is-layout-eeecaa4b wp-block-group-is-layout-flow\" style=\"border-width:3px;margin-top:0;margin-bottom:0;padding-top:30px;padding-right:30px;padding-bottom:30px;padding-left:30px\"><h2 class=\"wp-block-post-title\"><a href=\"https:\/\/datasonifyer.de\/en\/2023\/08\/31\/die-melodie-der-klimakrise\/\" target=\"_self\" >The melody of climate change<\/a><\/h2>\n\n\n<div style=\"height:10px\" aria-hidden=\"true\" class=\"wp-block-spacer\"><\/div>\n\n\n<div class=\"wp-block-post-excerpt\"><p class=\"wp-block-post-excerpt__excerpt\">Grafiken sind f\u00fcr die Augen, Sonifikationen f\u00fcr die Ohren: Mit dem DataSonifyer kannst du ganz einfach Datens\u00e4tze in Melodien verwandeln &#8211; zum Beispiel den Klimawandel. <\/p><\/div>\n\n\n<div style=\"height:10px\" aria-hidden=\"true\" class=\"wp-block-spacer\"><\/div>\n\n\n<a class=\"wp-block-read-more\" href=\"https:\/\/datasonifyer.de\/en\/2023\/08\/31\/die-melodie-der-klimakrise\/\" target=\"_self\">Read more<span class=\"screen-reader-text\">: Die Melodie der Klimakrise<\/span><\/a>\n\n\n<hr class=\"wp-block-separator has-alpha-channel-opacity\" style=\"margin-top:var(--wp--preset--spacing--60)\"\/>\n<\/div>\n\n<\/li><li class=\"wp-block-post post-230 post type-post status-publish format-standard hentry category-examples\">\n\n<div class=\"wp-block-group has-border-color has-theme-3-border-color has-theme-2-background-color has-background is-layout-flow wp-container-core-group-is-layout-eeecaa4b wp-block-group-is-layout-flow\" style=\"border-width:3px;margin-top:0;margin-bottom:0;padding-top:30px;padding-right:30px;padding-bottom:30px;padding-left:30px\"><h2 class=\"wp-block-post-title\"><a href=\"https:\/\/datasonifyer.de\/en\/2023\/09\/11\/die-politische-symphonie\/\" target=\"_self\" >The political symphony<\/a><\/h2>\n\n\n<div style=\"height:10px\" aria-hidden=\"true\" class=\"wp-block-spacer\"><\/div>\n\n\n<div class=\"wp-block-post-excerpt\"><p class=\"wp-block-post-excerpt__excerpt\">Umfragen zu politischen Parteien liefern einen Hinweis auf die politische Stimmung in der Bev\u00f6lkerung. Daten-Sonifikation macht politische Stimmungen h\u00f6rbar. <\/p><\/div>\n\n\n<div style=\"height:10px\" aria-hidden=\"true\" class=\"wp-block-spacer\"><\/div>\n\n\n<a class=\"wp-block-read-more\" href=\"https:\/\/datasonifyer.de\/en\/2023\/09\/11\/die-politische-symphonie\/\" target=\"_self\">Read more<span class=\"screen-reader-text\">: Die politische Symphonie<\/span><\/a>\n\n\n<hr class=\"wp-block-separator has-alpha-channel-opacity\" style=\"margin-top:var(--wp--preset--spacing--60)\"\/>\n<\/div>\n\n<\/li><\/ul><\/div>\n<\/div>","protected":false},"excerpt":{"rendered":"","protected":false},"author":1,"featured_media":0,"parent":0,"menu_order":0,"comment_status":"closed","ping_status":"closed","template":"","meta":{"footnotes":""},"class_list":["post-332","page","type-page","status-publish","hentry"],"_links":{"self":[{"href":"https:\/\/datasonifyer.de\/en\/wp-json\/wp\/v2\/pages\/332","targetHints":{"allow":["GET"]}}],"collection":[{"href":"https:\/\/datasonifyer.de\/en\/wp-json\/wp\/v2\/pages"}],"about":[{"href":"https:\/\/datasonifyer.de\/en\/wp-json\/wp\/v2\/types\/page"}],"author":[{"embeddable":true,"href":"https:\/\/datasonifyer.de\/en\/wp-json\/wp\/v2\/users\/1"}],"replies":[{"embeddable":true,"href":"https:\/\/datasonifyer.de\/en\/wp-json\/wp\/v2\/comments?post=332"}],"version-history":[{"count":7,"href":"https:\/\/datasonifyer.de\/en\/wp-json\/wp\/v2\/pages\/332\/revisions"}],"predecessor-version":[{"id":490,"href":"https:\/\/datasonifyer.de\/en\/wp-json\/wp\/v2\/pages\/332\/revisions\/490"}],"wp:attachment":[{"href":"https:\/\/datasonifyer.de\/en\/wp-json\/wp\/v2\/media?parent=332"}],"curies":[{"name":"wp","href":"https:\/\/api.w.org\/{rel}","templated":true}]}}