{"id":253,"date":"2023-09-11T17:09:18","date_gmt":"2023-09-11T15:09:18","guid":{"rendered":"https:\/\/datasonifyer.de\/?page_id=253"},"modified":"2023-09-18T11:48:16","modified_gmt":"2023-09-18T09:48:16","slug":"learn","status":"publish","type":"page","link":"https:\/\/datasonifyer.de\/en\/learn\/","title":{"rendered":"Learn"},"content":{"rendered":"<div style=\"height:50px\" aria-hidden=\"true\" class=\"wp-block-spacer\"><\/div>\n\n\n\n<div class=\"wp-block-group is-layout-constrained wp-container-core-group-is-layout-a933693a wp-block-group-is-layout-constrained\" style=\"padding-right:0;padding-left:0\">\n<div class=\"wp-block-group is-vertical is-layout-flex wp-container-core-group-is-layout-1962b265 wp-block-group-is-layout-flex\" style=\"padding-right:var(--wp--preset--spacing--40);padding-left:var(--wp--preset--spacing--40)\">\n<h2 class=\"wp-block-heading\"> <div style=\"height:0px\" aria-hidden=\"true\" class=\"wp-block-spacer\"><\/div> Grundlagen zum Tool: <\/h2>\n\n\n\n<div style=\"height:0px\" aria-hidden=\"true\" class=\"wp-block-spacer wp-container-content-b30579f5\"><\/div>\n\n\n\n<div class=\"wp-block-query is-layout-flow wp-block-query-is-layout-flow\"><ul class=\"columns-2 wp-block-post-template is-layout-grid wp-container-core-post-template-is-layout-24e91f5c wp-block-post-template-is-layout-grid\"><li class=\"wp-block-post post-417 post type-post status-publish format-standard hentry category-general category-tutorials\">\n\n<div class=\"wp-block-group has-border-color has-theme-3-border-color has-theme-2-background-color has-background is-layout-flow wp-block-group-is-layout-flow\" style=\"border-width:3px;padding-top:30px;padding-right:30px;padding-bottom:30px;padding-left:30px\">\n\n<h2 class=\"wp-block-post-title\"><a href=\"https:\/\/datasonifyer.de\/en\/2023\/09\/18\/sonifikation-die-grundlagen\/\" target=\"_blank\" >Sonifikation: Die Grundlagen<\/a><\/h2>\n\n<div class=\"wp-block-post-excerpt\"><p class=\"wp-block-post-excerpt__excerpt\">Sonifikation ist die Darstellung von Zahlen oder numerischen Datens\u00e4tzen als Klang. Man formuliert die Daten so um, dass sie musikalisch lesbar werden und abgespielt werden k\u00f6nnen. <\/p><\/div>\n\n<a class=\"wp-block-read-more\" href=\"https:\/\/datasonifyer.de\/en\/2023\/09\/18\/sonifikation-die-grundlagen\/\" target=\"_self\">Read more<span class=\"screen-reader-text\">: Sonifikation: Die Grundlagen<\/span><\/a><\/div>\n\n<\/li><li class=\"wp-block-post post-419 post type-post status-publish format-standard hentry category-general category-tutorials\">\n\n<div class=\"wp-block-group has-border-color has-theme-3-border-color has-theme-2-background-color has-background is-layout-flow wp-block-group-is-layout-flow\" style=\"border-width:3px;padding-top:30px;padding-right:30px;padding-bottom:30px;padding-left:30px\">\n\n<h2 class=\"wp-block-post-title\"><a href=\"https:\/\/datasonifyer.de\/en\/2023\/09\/18\/datasonifyer-das-tool-im-ueberblick\/\" target=\"_blank\" >Overview: The DataSonifyer<\/a><\/h2>\n\n<div class=\"wp-block-post-excerpt\"><p class=\"wp-block-post-excerpt__excerpt\">The DataSonifyer is a tool that allows you to transform data sets - i.e. numbers - into sound: This is called data sonification. Since there are endless ways to represent data as sound, DataSonifyer offers many ways to make your data audible. <\/p><\/div>\n\n<a class=\"wp-block-read-more\" href=\"https:\/\/datasonifyer.de\/en\/2023\/09\/18\/datasonifyer-das-tool-im-ueberblick\/\" target=\"_self\">Read more<span class=\"screen-reader-text\">: DataSonifyer: Das Tool im \u00dcberblick<\/span><\/a><\/div>\n\n<\/li><li class=\"wp-block-post post-430 post type-post status-publish format-standard hentry category-general category-tutorials\">\n\n<div class=\"wp-block-group has-border-color has-theme-3-border-color has-theme-2-background-color has-background is-layout-flow wp-block-group-is-layout-flow\" style=\"border-width:3px;padding-top:30px;padding-right:30px;padding-bottom:30px;padding-left:30px\">\n\n<h2 class=\"wp-block-post-title\"><a href=\"https:\/\/datasonifyer.de\/en\/2023\/09\/18\/so-laedst-du-daten-in-den-datasonifyer\/\" target=\"_blank\" >So l\u00e4dst du Daten in den DataSonifyer<\/a><\/h2>\n\n<div class=\"wp-block-post-excerpt\"><p class=\"wp-block-post-excerpt__excerpt\">Alle Datens\u00e4tze, die aus Zahlen bestehen kannst du als CSV in das Tool laden. Hier erf\u00e4hrst du, wie. <\/p><\/div>\n\n<a class=\"wp-block-read-more\" href=\"https:\/\/datasonifyer.de\/en\/2023\/09\/18\/so-laedst-du-daten-in-den-datasonifyer\/\" target=\"_self\">Read more<span class=\"screen-reader-text\">: So l\u00e4dst du Daten in den DataSonifyer<\/span><\/a><\/div>\n\n<\/li><li class=\"wp-block-post post-433 post type-post status-publish format-standard hentry category-general category-tutorials\">\n\n<div class=\"wp-block-group has-border-color has-theme-3-border-color has-theme-2-background-color has-background is-layout-flow wp-block-group-is-layout-flow\" style=\"border-width:3px;padding-top:30px;padding-right:30px;padding-bottom:30px;padding-left:30px\">\n\n<h2 class=\"wp-block-post-title\"><a href=\"https:\/\/datasonifyer.de\/en\/2023\/09\/18\/hilfe-der-sound-knackt\/\" target=\"_blank\" >Hilfe, der Sound knackt!<\/a><\/h2>\n\n<div class=\"wp-block-post-excerpt\"><p class=\"wp-block-post-excerpt__excerpt\">Manchmal klingt der abgespielte Sound etwas rauschig. Hier erf\u00e4hrst du, was du dagegen tun kannst. <\/p><\/div>\n\n<a class=\"wp-block-read-more\" href=\"https:\/\/datasonifyer.de\/en\/2023\/09\/18\/hilfe-der-sound-knackt\/\" target=\"_self\">Read more<span class=\"screen-reader-text\">: Hilfe, der Sound knackt!<\/span><\/a><\/div>\n\n<\/li><\/ul><\/div>\n<\/div>\n\n\n\n<div style=\"height:50px\" aria-hidden=\"true\" class=\"wp-block-spacer\"><\/div>\n\n\n\n<div class=\"wp-block-group is-vertical is-content-justification-left is-layout-flex wp-container-core-group-is-layout-0ba3c764 wp-block-group-is-layout-flex\" style=\"padding-right:var(--wp--preset--spacing--40);padding-left:var(--wp--preset--spacing--40)\">\n<h2 class=\"wp-block-heading\">Die Soundmodule: <\/h2>\n\n\n\n<div style=\"height:0px\" aria-hidden=\"true\" class=\"wp-block-spacer wp-container-content-b30579f5\"><\/div>\n\n\n\n<div class=\"wp-block-query is-layout-flow wp-block-query-is-layout-flow\"><ul class=\"columns-3 wp-block-post-template is-layout-grid wp-container-core-post-template-is-layout-2d080239 wp-block-post-template-is-layout-grid\"><li class=\"wp-block-post post-268 post type-post status-publish format-standard has-post-thumbnail hentry category-soundmodule category-tutorials\">\n\n<div class=\"wp-block-group has-border-color has-theme-3-border-color has-theme-2-background-color has-background is-layout-flow wp-block-group-is-layout-flow\" style=\"border-width:3px;padding-top:30px;padding-right:30px;padding-bottom:30px;padding-left:30px\"><figure class=\"wp-block-post-featured-image\"><a href=\"https:\/\/datasonifyer.de\/en\/2023\/09\/11\/das-amplitude-modul\/\" target=\"_blank\"  ><img loading=\"lazy\" decoding=\"async\" width=\"1239\" height=\"781\" src=\"https:\/\/datasonifyer.de\/wp-content\/uploads\/2023\/09\/modul-1-amp.png\" class=\"attachment-post-thumbnail size-post-thumbnail wp-post-image\" alt=\"Das Amplitude-Modul\" style=\"object-fit:cover;\" srcset=\"https:\/\/datasonifyer.de\/wp-content\/uploads\/2023\/09\/modul-1-amp.png 1239w, https:\/\/datasonifyer.de\/wp-content\/uploads\/2023\/09\/modul-1-amp-300x189.png 300w, https:\/\/datasonifyer.de\/wp-content\/uploads\/2023\/09\/modul-1-amp-1024x645.png 1024w, https:\/\/datasonifyer.de\/wp-content\/uploads\/2023\/09\/modul-1-amp-768x484.png 768w, https:\/\/datasonifyer.de\/wp-content\/uploads\/2023\/09\/modul-1-amp-18x12.png 18w\" sizes=\"auto, (max-width: 1239px) 100vw, 1239px\" \/><\/a><\/figure>\n\n<h2 class=\"wp-block-post-title\"><a href=\"https:\/\/datasonifyer.de\/en\/2023\/09\/11\/das-amplitude-modul\/\" target=\"_blank\" >Das Amplitude-Modul<\/a><\/h2>\n\n\n<div style=\"height:10px\" aria-hidden=\"true\" class=\"wp-block-spacer\"><\/div>\n\n\n<div class=\"wp-block-post-excerpt\"><p class=\"wp-block-post-excerpt__excerpt\">Dieses Modul erlaubt es dir, deine Datens\u00e4tze als Lautst\u00e4rke (Amplitude) darzustellen. <\/p><\/div>\n\n\n<div style=\"height:10px\" aria-hidden=\"true\" class=\"wp-block-spacer\"><\/div>\n\n\n<a class=\"wp-block-read-more\" href=\"https:\/\/datasonifyer.de\/en\/2023\/09\/11\/das-amplitude-modul\/\" target=\"_self\">Read more<span class=\"screen-reader-text\">: Das Amplitude-Modul<\/span><\/a><\/div>\n\n<\/li><li class=\"wp-block-post post-295 post type-post status-publish format-standard has-post-thumbnail hentry category-soundmodule category-tutorials\">\n\n<div class=\"wp-block-group has-border-color has-theme-3-border-color has-theme-2-background-color has-background is-layout-flow wp-block-group-is-layout-flow\" style=\"border-width:3px;padding-top:30px;padding-right:30px;padding-bottom:30px;padding-left:30px\"><figure class=\"wp-block-post-featured-image\"><a href=\"https:\/\/datasonifyer.de\/en\/2023\/09\/11\/das-effekt-modul\/\" target=\"_blank\"  ><img loading=\"lazy\" decoding=\"async\" width=\"998\" height=\"628\" src=\"https:\/\/datasonifyer.de\/wp-content\/uploads\/2023\/09\/modul-1-effect.png\" class=\"attachment-post-thumbnail size-post-thumbnail wp-post-image\" alt=\"Das Effekt-Modul\" style=\"object-fit:cover;\" srcset=\"https:\/\/datasonifyer.de\/wp-content\/uploads\/2023\/09\/modul-1-effect.png 998w, https:\/\/datasonifyer.de\/wp-content\/uploads\/2023\/09\/modul-1-effect-300x189.png 300w, https:\/\/datasonifyer.de\/wp-content\/uploads\/2023\/09\/modul-1-effect-768x483.png 768w, https:\/\/datasonifyer.de\/wp-content\/uploads\/2023\/09\/modul-1-effect-18x12.png 18w\" sizes=\"auto, (max-width: 998px) 100vw, 998px\" \/><\/a><\/figure>\n\n<h2 class=\"wp-block-post-title\"><a href=\"https:\/\/datasonifyer.de\/en\/2023\/09\/11\/das-effekt-modul\/\" target=\"_blank\" >Das Effekt-Modul<\/a><\/h2>\n\n\n<div style=\"height:10px\" aria-hidden=\"true\" class=\"wp-block-spacer\"><\/div>\n\n\n<div class=\"wp-block-post-excerpt\"><p class=\"wp-block-post-excerpt__excerpt\">Mit diesem Modul kannst du deine Sonifikation mit drei verschiedenen Effekten interessanter, lebendiger und r\u00e4umlicher machen. <\/p><\/div>\n\n\n<div style=\"height:10px\" aria-hidden=\"true\" class=\"wp-block-spacer\"><\/div>\n\n\n<a class=\"wp-block-read-more\" href=\"https:\/\/datasonifyer.de\/en\/2023\/09\/11\/das-effekt-modul\/\" target=\"_self\">Read more<span class=\"screen-reader-text\">: Das Effekt-Modul<\/span><\/a><\/div>\n\n<\/li><li class=\"wp-block-post post-272 post type-post status-publish format-standard has-post-thumbnail hentry category-soundmodule category-tutorials\">\n\n<div class=\"wp-block-group has-border-color has-theme-3-border-color has-theme-2-background-color has-background is-layout-flow wp-block-group-is-layout-flow\" style=\"border-width:3px;padding-top:30px;padding-right:30px;padding-bottom:30px;padding-left:30px\"><figure class=\"wp-block-post-featured-image\"><a href=\"https:\/\/datasonifyer.de\/en\/2023\/09\/11\/das-envelope-modul\/\" target=\"_blank\"  ><img loading=\"lazy\" decoding=\"async\" width=\"1239\" height=\"781\" src=\"https:\/\/datasonifyer.de\/wp-content\/uploads\/2023\/09\/modul-1-env.png\" class=\"attachment-post-thumbnail size-post-thumbnail wp-post-image\" alt=\"Das Envelope-Modul\" style=\"object-fit:cover;\" srcset=\"https:\/\/datasonifyer.de\/wp-content\/uploads\/2023\/09\/modul-1-env.png 1239w, https:\/\/datasonifyer.de\/wp-content\/uploads\/2023\/09\/modul-1-env-300x189.png 300w, https:\/\/datasonifyer.de\/wp-content\/uploads\/2023\/09\/modul-1-env-1024x645.png 1024w, https:\/\/datasonifyer.de\/wp-content\/uploads\/2023\/09\/modul-1-env-768x484.png 768w, https:\/\/datasonifyer.de\/wp-content\/uploads\/2023\/09\/modul-1-env-18x12.png 18w\" sizes=\"auto, (max-width: 1239px) 100vw, 1239px\" \/><\/a><\/figure>\n\n<h2 class=\"wp-block-post-title\"><a href=\"https:\/\/datasonifyer.de\/en\/2023\/09\/11\/das-envelope-modul\/\" target=\"_blank\" >Das Envelope-Modul<\/a><\/h2>\n\n\n<div style=\"height:10px\" aria-hidden=\"true\" class=\"wp-block-spacer\"><\/div>\n\n\n<div class=\"wp-block-post-excerpt\"><p class=\"wp-block-post-excerpt__excerpt\">In diesem Modul kannst du mit den von dir geladenen Datenreihen die \u00e4u\u00dfere Form deines Tons ver\u00e4ndern. <\/p><\/div>\n\n\n<div style=\"height:10px\" aria-hidden=\"true\" class=\"wp-block-spacer\"><\/div>\n\n\n<a class=\"wp-block-read-more\" href=\"https:\/\/datasonifyer.de\/en\/2023\/09\/11\/das-envelope-modul\/\" target=\"_self\">Read more<span class=\"screen-reader-text\">: Das Envelope-Modul<\/span><\/a><\/div>\n\n<\/li><li class=\"wp-block-post post-292 post type-post status-publish format-standard has-post-thumbnail hentry category-soundmodule category-tutorials\">\n\n<div class=\"wp-block-group has-border-color has-theme-3-border-color has-theme-2-background-color has-background is-layout-flow wp-block-group-is-layout-flow\" style=\"border-width:3px;padding-top:30px;padding-right:30px;padding-bottom:30px;padding-left:30px\"><figure class=\"wp-block-post-featured-image\"><a href=\"https:\/\/datasonifyer.de\/en\/2023\/09\/11\/das-filter-modul\/\" target=\"_blank\"  ><img loading=\"lazy\" decoding=\"async\" width=\"991\" height=\"628\" src=\"https:\/\/datasonifyer.de\/wp-content\/uploads\/2023\/09\/modul-1-filters.png\" class=\"attachment-post-thumbnail size-post-thumbnail wp-post-image\" alt=\"Das Filter-Modul\" style=\"object-fit:cover;\" srcset=\"https:\/\/datasonifyer.de\/wp-content\/uploads\/2023\/09\/modul-1-filters.png 991w, https:\/\/datasonifyer.de\/wp-content\/uploads\/2023\/09\/modul-1-filters-300x190.png 300w, https:\/\/datasonifyer.de\/wp-content\/uploads\/2023\/09\/modul-1-filters-768x487.png 768w, https:\/\/datasonifyer.de\/wp-content\/uploads\/2023\/09\/modul-1-filters-18x12.png 18w\" sizes=\"auto, (max-width: 991px) 100vw, 991px\" \/><\/a><\/figure>\n\n<h2 class=\"wp-block-post-title\"><a href=\"https:\/\/datasonifyer.de\/en\/2023\/09\/11\/das-filter-modul\/\" target=\"_blank\" >Das Filter-Modul<\/a><\/h2>\n\n\n<div style=\"height:10px\" aria-hidden=\"true\" class=\"wp-block-spacer\"><\/div>\n\n\n<div class=\"wp-block-post-excerpt\"><p class=\"wp-block-post-excerpt__excerpt\">Mit diesem Modul kannst du deinen Sound mit verschiedenen Filtern ver\u00e4ndern und anpassen, indem du Frequenzen herausfilterst. <\/p><\/div>\n\n\n<div style=\"height:10px\" aria-hidden=\"true\" class=\"wp-block-spacer\"><\/div>\n\n\n<a class=\"wp-block-read-more\" href=\"https:\/\/datasonifyer.de\/en\/2023\/09\/11\/das-filter-modul\/\" target=\"_self\">Read more<span class=\"screen-reader-text\">: Das Filter-Modul<\/span><\/a><\/div>\n\n<\/li><li class=\"wp-block-post post-263 post type-post status-publish format-standard has-post-thumbnail hentry category-soundmodule category-tutorials\">\n\n<div class=\"wp-block-group has-border-color has-theme-3-border-color has-theme-2-background-color has-background is-layout-flow wp-block-group-is-layout-flow\" style=\"border-width:3px;padding-top:30px;padding-right:30px;padding-bottom:30px;padding-left:30px\"><figure class=\"wp-block-post-featured-image\"><a href=\"https:\/\/datasonifyer.de\/en\/2023\/09\/11\/das-frequency-modul\/\" target=\"_blank\"  ><img loading=\"lazy\" decoding=\"async\" width=\"1222\" height=\"780\" src=\"https:\/\/datasonifyer.de\/wp-content\/uploads\/2023\/09\/modul-1-freq.png\" class=\"attachment-post-thumbnail size-post-thumbnail wp-post-image\" alt=\"Das Frequency-Modul\" style=\"object-fit:cover;\" srcset=\"https:\/\/datasonifyer.de\/wp-content\/uploads\/2023\/09\/modul-1-freq.png 1222w, https:\/\/datasonifyer.de\/wp-content\/uploads\/2023\/09\/modul-1-freq-300x191.png 300w, https:\/\/datasonifyer.de\/wp-content\/uploads\/2023\/09\/modul-1-freq-1024x654.png 1024w, https:\/\/datasonifyer.de\/wp-content\/uploads\/2023\/09\/modul-1-freq-768x490.png 768w, https:\/\/datasonifyer.de\/wp-content\/uploads\/2023\/09\/modul-1-freq-18x12.png 18w\" sizes=\"auto, (max-width: 1222px) 100vw, 1222px\" \/><\/a><\/figure>\n\n<h2 class=\"wp-block-post-title\"><a href=\"https:\/\/datasonifyer.de\/en\/2023\/09\/11\/das-frequency-modul\/\" target=\"_blank\" >Das Frequency-Modul<\/a><\/h2>\n\n\n<div style=\"height:10px\" aria-hidden=\"true\" class=\"wp-block-spacer\"><\/div>\n\n\n<div class=\"wp-block-post-excerpt\"><p class=\"wp-block-post-excerpt__excerpt\">Das Frequency-Modul erlaubt es dir, deine Datens\u00e4tze als Tonh\u00f6he oder als Tonfrequenz darzustellen. <\/p><\/div>\n\n\n<div style=\"height:10px\" aria-hidden=\"true\" class=\"wp-block-spacer\"><\/div>\n\n\n<a class=\"wp-block-read-more\" href=\"https:\/\/datasonifyer.de\/en\/2023\/09\/11\/das-frequency-modul\/\" target=\"_self\">Read more<span class=\"screen-reader-text\">: Das Frequency-Modul<\/span><\/a><\/div>\n\n<\/li><li class=\"wp-block-post post-276 post type-post status-publish format-standard has-post-thumbnail hentry category-soundmodule category-tutorials\">\n\n<div class=\"wp-block-group has-border-color has-theme-3-border-color has-theme-2-background-color has-background is-layout-flow wp-block-group-is-layout-flow\" style=\"border-width:3px;padding-top:30px;padding-right:30px;padding-bottom:30px;padding-left:30px\"><figure class=\"wp-block-post-featured-image\"><a href=\"https:\/\/datasonifyer.de\/en\/2023\/09\/11\/das-rhythm-modul\/\" target=\"_blank\"  ><img loading=\"lazy\" decoding=\"async\" width=\"1239\" height=\"785\" src=\"https:\/\/datasonifyer.de\/wp-content\/uploads\/2023\/09\/modul-1-rhythm.png\" class=\"attachment-post-thumbnail size-post-thumbnail wp-post-image\" alt=\"Das Rhythm-Modul\" style=\"object-fit:cover;\" srcset=\"https:\/\/datasonifyer.de\/wp-content\/uploads\/2023\/09\/modul-1-rhythm.png 1239w, https:\/\/datasonifyer.de\/wp-content\/uploads\/2023\/09\/modul-1-rhythm-300x190.png 300w, https:\/\/datasonifyer.de\/wp-content\/uploads\/2023\/09\/modul-1-rhythm-1024x649.png 1024w, https:\/\/datasonifyer.de\/wp-content\/uploads\/2023\/09\/modul-1-rhythm-768x487.png 768w, https:\/\/datasonifyer.de\/wp-content\/uploads\/2023\/09\/modul-1-rhythm-18x12.png 18w\" sizes=\"auto, (max-width: 1239px) 100vw, 1239px\" \/><\/a><\/figure>\n\n<h2 class=\"wp-block-post-title\"><a href=\"https:\/\/datasonifyer.de\/en\/2023\/09\/11\/das-rhythm-modul\/\" target=\"_blank\" >Das Rhythm-Modul<\/a><\/h2>\n\n\n<div style=\"height:10px\" aria-hidden=\"true\" class=\"wp-block-spacer\"><\/div>\n\n\n<div class=\"wp-block-post-excerpt\"><p class=\"wp-block-post-excerpt__excerpt\">Mit diesem Modul kannst du einfache oder komplexe Rhythmen f\u00fcr deine Sonifikationen erzeugen. <\/p><\/div>\n\n\n<div style=\"height:10px\" aria-hidden=\"true\" class=\"wp-block-spacer\"><\/div>\n\n\n<a class=\"wp-block-read-more\" href=\"https:\/\/datasonifyer.de\/en\/2023\/09\/11\/das-rhythm-modul\/\" target=\"_self\">Read more<span class=\"screen-reader-text\">: Das Rhythm-Modul<\/span><\/a><\/div>\n\n<\/li><\/ul><\/div>\n<\/div>\n<\/div>\n\n\n\n<div style=\"height:50px\" aria-hidden=\"true\" class=\"wp-block-spacer\"><\/div>","protected":false},"excerpt":{"rendered":"<p>Grundlagen zum Tool: Die Soundmodule:<\/p>","protected":false},"author":1,"featured_media":0,"parent":0,"menu_order":0,"comment_status":"closed","ping_status":"closed","template":"","meta":{"footnotes":""},"class_list":["post-253","page","type-page","status-publish","hentry"],"_links":{"self":[{"href":"https:\/\/datasonifyer.de\/en\/wp-json\/wp\/v2\/pages\/253","targetHints":{"allow":["GET"]}}],"collection":[{"href":"https:\/\/datasonifyer.de\/en\/wp-json\/wp\/v2\/pages"}],"about":[{"href":"https:\/\/datasonifyer.de\/en\/wp-json\/wp\/v2\/types\/page"}],"author":[{"embeddable":true,"href":"https:\/\/datasonifyer.de\/en\/wp-json\/wp\/v2\/users\/1"}],"replies":[{"embeddable":true,"href":"https:\/\/datasonifyer.de\/en\/wp-json\/wp\/v2\/comments?post=253"}],"version-history":[{"count":10,"href":"https:\/\/datasonifyer.de\/en\/wp-json\/wp\/v2\/pages\/253\/revisions"}],"predecessor-version":[{"id":446,"href":"https:\/\/datasonifyer.de\/en\/wp-json\/wp\/v2\/pages\/253\/revisions\/446"}],"wp:attachment":[{"href":"https:\/\/datasonifyer.de\/en\/wp-json\/wp\/v2\/media?parent=253"}],"curies":[{"name":"wp","href":"https:\/\/api.w.org\/{rel}","templated":true}]}}